{"id":733,"date":"2012-07-28T22:52:48","date_gmt":"2012-07-28T20:52:48","guid":{"rendered":"http:\/\/www.tarnowschule.de\/blog\/?page_id=733"},"modified":"2023-12-08T13:14:53","modified_gmt":"2023-12-08T12:14:53","slug":"schulverein","status":"publish","type":"page","link":"http:\/\/www.tarnowschule.de\/blog\/schulverein\/","title":{"rendered":"Schulverein"},"content":{"rendered":"\n<h2 class=\"wp-block-heading\"><span style=\"font-size: medium;\">Allgemeines<\/span><\/h2>\n\n\n\n<ul class=\"wp-block-list\">\n<li><span style=\"font-size: medium;\">ca.&nbsp;100 Mitglieder<\/span><\/li>\n\n\n\n<li><span style=\"font-size: medium;\">Vorsitzender: <\/span>Frau Wenzel<\/li>\n\n\n\n<li><span style=\"font-size: medium;\">Stellvertreterin: <\/span><\/li>\n\n\n\n<li><span style=\"font-size: medium;\">Schatzmeisterin: Frau Paeschke<\/span><\/li>\n\n\n\n<li>Kontakt: <a href=\"mailto:schulverein@tarnowschule.de\">schulverein@tarnowschule.de<\/a><\/li>\n<\/ul>\n\n\n\n<h2 class=\"wp-block-heading\"><span style=\"font-size: medium;\">Was macht der Schulverein:<\/span><\/h2>\n\n\n\n<ul class=\"wp-block-list\">\n<li><span style=\"font-size: medium;\">unterst\u00fctzt die Veranstaltungen der Schule<\/span><\/li>\n\n\n\n<li><span style=\"font-size: medium;\">erm\u00f6glicht die Anschaffung der verschiedensten Materialien f\u00fcr Projekte und den Unterricht sowie der Spielger\u00e4te f\u00fcr die Hofpause<\/span><\/li>\n\n\n\n<li><span style=\"font-size: medium;\">finanziert die j\u00e4hrliche Nutzung von Online-Lernprogrammen<\/span><\/li>\n\n\n\n<li><span style=\"font-size: medium;\">koordiniert den Verkauf von Arbeitsheften<\/span><\/li>\n\n\n\n<li><span style=\"font-size: medium;\">finanziert die Webspace f\u00fcr unsere Schulhomepage zur Verf\u00fcgung<\/span><\/li>\n<\/ul>\n\n\n\n<h3 class=\"wp-block-heading\"><span style=\"font-size: medium;\">Materialien f\u00fcr die Sch\u00fcler der Grundschule, u.a.:<\/span><\/h3>\n\n\n\n<ul class=\"wp-block-list\">\n<li><span style=\"font-size: medium;\">B\u00fccher f\u00fcr die Bibliothek<\/span><\/li>\n\n\n\n<li><span style=\"font-size: medium;\">F\u00f6rdermaterialien f\u00fcr die Klassen zur differenzierten Unterrichtsarbeit<\/span><\/li>\n<\/ul>\n\n\n\n<h2 class=\"wp-block-heading\"><span style=\"font-size: medium;\"><strong>Vielleicht m\u00f6chten Sie uns mit einer kleinen Spende unterst\u00fctzen:<\/strong><\/span><\/h2>\n\n\n\n<p><span style=\"font-size: medium;\">Schulverein Grundschule Lichtenhagen S\u00fcd e.V.<\/span><br><span style=\"font-size: medium;\"> Geldinstitut: Ostseesparkasse Rostock<\/span><br><span style=\"font-size: medium;\"> Kontonummer: 430001894<\/span><br><span style=\"font-size: medium;\"> Bankleitzahl: 13050000&nbsp; <\/span><\/p>\n\n\n\n<p>IBAN: DE 40 130 500 00 043000 1894<\/p>\n\n\n\n<p>BIC: NOLADE 21 ROS<\/p>\n","protected":false},"excerpt":{"rendered":"<p>Allgemeines Was macht der Schulverein: Materialien f\u00fcr die Sch\u00fcler der Grundschule, u.a.: Vielleicht m\u00f6chten Sie uns mit einer kleinen Spende unterst\u00fctzen: Schulverein Grundschule Lichtenhagen S\u00fcd e.V. Geldinstitut: Ostseesparkasse Rostock Kontonummer: 430001894 Bankleitzahl: 13050000&nbsp; IBAN: DE 40 130 500 00 043000 1894 BIC: NOLADE 21 ROS<\/p>\n","protected":false},"author":1,"featured_media":0,"parent":0,"menu_order":0,"comment_status":"closed","ping_status":"closed","template":"","meta":{"site-sidebar-layout":"default","site-content-layout":"default","ast-site-content-layout":"default","site-content-style":"default","site-sidebar-style":"default","ast-global-header-display":"","ast-banner-title-visibility":"","ast-main-header-display":"","ast-hfb-above-header-display":"","ast-hfb-below-header-display":"","ast-hfb-mobile-header-display":"","site-post-title":"","ast-breadcrumbs-content":"","ast-featured-img":"","footer-sml-layout":"","ast-disable-related-posts":"","theme-transparent-header-meta":"default","adv-header-id-meta":"","stick-header-meta":"","header-above-stick-meta":"","header-main-stick-meta":"","header-below-stick-meta":"","astra-migrate-meta-layouts":"set","ast-page-background-enabled":"default","ast-page-background-meta":{"desktop":{"background-color":"","background-image":"","background-repeat":"repeat","background-position":"center center","background-size":"auto","background-attachment":"scroll","background-type":"","background-media":"","overlay-type":"","overlay-color":"","overlay-opacity":"","overlay-gradient":""},"tablet":{"background-color":"","background-image":"","background-repeat":"repeat","background-position":"center center","background-size":"auto","background-attachment":"scroll","background-type":"","background-media":"","overlay-type":"","overlay-color":"","overlay-opacity":"","overlay-gradient":""},"mobile":{"background-color":"","background-image":"","background-repeat":"repeat","background-position":"center center","background-size":"auto","background-attachment":"scroll","background-type":"","background-media":"","overlay-type":"","overlay-color":"","overlay-opacity":"","overlay-gradient":""}},"ast-content-background-meta":{"desktop":{"background-color":"var(--ast-global-color-5)","background-image":"","background-repeat":"repeat","background-position":"center center","background-size":"auto","background-attachment":"scroll","background-type":"","background-media":"","overlay-type":"","overlay-color":"","overlay-opacity":"","overlay-gradient":""},"tablet":{"background-color":"var(--ast-global-color-5)","background-image":"","background-repeat":"repeat","background-position":"center center","background-size":"auto","background-attachment":"scroll","background-type":"","background-media":"","overlay-type":"","overlay-color":"","overlay-opacity":"","overlay-gradient":""},"mobile":{"background-color":"var(--ast-global-color-5)","background-image":"","background-repeat":"repeat","background-position":"center center","background-size":"auto","background-attachment":"scroll","background-type":"","background-media":"","overlay-type":"","overlay-color":"","overlay-opacity":"","overlay-gradient":""}},"footnotes":""},"class_list":["post-733","page","type-page","status-publish","hentry"],"_links":{"self":[{"href":"http:\/\/www.tarnowschule.de\/blog\/wp-json\/wp\/v2\/pages\/733","targetHints":{"allow":["GET"]}}],"collection":[{"href":"http:\/\/www.tarnowschule.de\/blog\/wp-json\/wp\/v2\/pages"}],"about":[{"href":"http:\/\/www.tarnowschule.de\/blog\/wp-json\/wp\/v2\/types\/page"}],"author":[{"embeddable":true,"href":"http:\/\/www.tarnowschule.de\/blog\/wp-json\/wp\/v2\/users\/1"}],"replies":[{"embeddable":true,"href":"http:\/\/www.tarnowschule.de\/blog\/wp-json\/wp\/v2\/comments?post=733"}],"version-history":[{"count":26,"href":"http:\/\/www.tarnowschule.de\/blog\/wp-json\/wp\/v2\/pages\/733\/revisions"}],"predecessor-version":[{"id":5412,"href":"http:\/\/www.tarnowschule.de\/blog\/wp-json\/wp\/v2\/pages\/733\/revisions\/5412"}],"wp:attachment":[{"href":"http:\/\/www.tarnowschule.de\/blog\/wp-json\/wp\/v2\/media?parent=733"}],"curies":[{"name":"wp","href":"https:\/\/api.w.org\/{rel}","templated":true}]}}