{"id":711,"date":"2012-07-28T22:51:18","date_gmt":"2012-07-28T20:51:18","guid":{"rendered":"http:\/\/www.tarnowschule.de\/blog\/?page_id=711"},"modified":"2018-09-11T09:04:27","modified_gmt":"2018-09-11T07:04:27","slug":"kooperationen","status":"publish","type":"page","link":"http:\/\/www.tarnowschule.de\/blog\/kooperationen\/","title":{"rendered":"Schulelternrat"},"content":{"rendered":"<table border=\"0\">\n<tbody>\n<tr>\n<td><span style=\"font-size: medium;\">Liebe Eltern!<\/span><\/td>\n<\/tr>\n<tr>\n<td><span style=\"font-size: medium;\">\u00dcber den Elternrat haben auch Sie die M\u00f6glichkeit, den Schulalltag Ihrer Kinder aktiv mitzubestimmen. In der Klassenelternversammlung haben Sie \u00fcber die Mitglieder des Klassenelternrats entschieden. Die Klassenelternr\u00e4te haben die Vertreter des Schulelternrates gew\u00e4hlt. Der Schulelternrat vertritt unsere Interessen ebenfalls auf Stadt- und Landesebene. Da viele von Ihnen die Vertreter des Elternrats selten pers\u00f6nlich treffen, haben Sie die M\u00f6glichkeit per E-Mail Kontakt zu uns aufzunehmen. Ihr Anliegen werden wir im Elternrat vertraulich behandeln, beantworten und Probleme l\u00f6sen.<\/span><\/td>\n<\/tr>\n<tr>\n<td><span style=\"font-size: medium;\"><a href=\"mailto:Elternrat.Tarnow@gmail.com\">Elternrat.Tarnow@gmail.com<\/a><\/span><\/td>\n<\/tr>\n<tr>\n<td><span style=\"font-size: medium;\">Nutzen Sie dieses Sprachrohr um die Interessen Ihres Kindes gegen\u00fcber der Schule zu vertreten.\u00a0<\/span><\/td>\n<\/tr>\n<tr>\n<td><span style=\"font-size: medium;\"><a href=\"http:\/\/www.tarnowschule.de\/blog\/wp-content\/uploads\/2014\/08\/gesetzliche-grundlagen.pdf\" target=\"_blank\" rel=\"noopener\">Gesetzliche Grundlagen (Download)<\/a><\/span><\/td>\n<\/tr>\n<\/tbody>\n<\/table>\n<p>&nbsp;<\/p>\n","protected":false},"excerpt":{"rendered":"<p>Liebe Eltern! \u00dcber den Elternrat haben auch Sie die M\u00f6glichkeit, den Schulalltag Ihrer Kinder aktiv mitzubestimmen. In der Klassenelternversammlung haben Sie \u00fcber die Mitglieder des Klassenelternrats entschieden. Die Klassenelternr\u00e4te haben die Vertreter des Schulelternrates gew\u00e4hlt. Der Schulelternrat vertritt unsere Interessen ebenfalls auf Stadt- und Landesebene. Da viele von Ihnen die Vertreter des Elternrats selten pers\u00f6nlich [&hellip;]<\/p>\n","protected":false},"author":1,"featured_media":0,"parent":0,"menu_order":0,"comment_status":"closed","ping_status":"open","template":"","meta":{"site-sidebar-layout":"default","site-content-layout":"","ast-site-content-layout":"default","site-content-style":"default","site-sidebar-style":"default","ast-global-header-display":"","ast-banner-title-visibility":"","ast-main-header-display":"","ast-hfb-above-header-display":"","ast-hfb-below-header-display":"","ast-hfb-mobile-header-display":"","site-post-title":"","ast-breadcrumbs-content":"","ast-featured-img":"","footer-sml-layout":"","ast-disable-related-posts":"","theme-transparent-header-meta":"","adv-header-id-meta":"","stick-header-meta":"","header-above-stick-meta":"","header-main-stick-meta":"","header-below-stick-meta":"","astra-migrate-meta-layouts":"default","ast-page-background-enabled":"default","ast-page-background-meta":{"desktop":{"background-color":"","background-image":"","background-repeat":"repeat","background-position":"center center","background-size":"auto","background-attachment":"scroll","background-type":"","background-media":"","overlay-type":"","overlay-color":"","overlay-opacity":"","overlay-gradient":""},"tablet":{"background-color":"","background-image":"","background-repeat":"repeat","background-position":"center center","background-size":"auto","background-attachment":"scroll","background-type":"","background-media":"","overlay-type":"","overlay-color":"","overlay-opacity":"","overlay-gradient":""},"mobile":{"background-color":"","background-image":"","background-repeat":"repeat","background-position":"center center","background-size":"auto","background-attachment":"scroll","background-type":"","background-media":"","overlay-type":"","overlay-color":"","overlay-opacity":"","overlay-gradient":""}},"ast-content-background-meta":{"desktop":{"background-color":"var(--ast-global-color-5)","background-image":"","background-repeat":"repeat","background-position":"center center","background-size":"auto","background-attachment":"scroll","background-type":"","background-media":"","overlay-type":"","overlay-color":"","overlay-opacity":"","overlay-gradient":""},"tablet":{"background-color":"var(--ast-global-color-5)","background-image":"","background-repeat":"repeat","background-position":"center center","background-size":"auto","background-attachment":"scroll","background-type":"","background-media":"","overlay-type":"","overlay-color":"","overlay-opacity":"","overlay-gradient":""},"mobile":{"background-color":"var(--ast-global-color-5)","background-image":"","background-repeat":"repeat","background-position":"center center","background-size":"auto","background-attachment":"scroll","background-type":"","background-media":"","overlay-type":"","overlay-color":"","overlay-opacity":"","overlay-gradient":""}},"footnotes":""},"class_list":["post-711","page","type-page","status-publish","hentry"],"_links":{"self":[{"href":"http:\/\/www.tarnowschule.de\/blog\/wp-json\/wp\/v2\/pages\/711","targetHints":{"allow":["GET"]}}],"collection":[{"href":"http:\/\/www.tarnowschule.de\/blog\/wp-json\/wp\/v2\/pages"}],"about":[{"href":"http:\/\/www.tarnowschule.de\/blog\/wp-json\/wp\/v2\/types\/page"}],"author":[{"embeddable":true,"href":"http:\/\/www.tarnowschule.de\/blog\/wp-json\/wp\/v2\/users\/1"}],"replies":[{"embeddable":true,"href":"http:\/\/www.tarnowschule.de\/blog\/wp-json\/wp\/v2\/comments?post=711"}],"version-history":[{"count":17,"href":"http:\/\/www.tarnowschule.de\/blog\/wp-json\/wp\/v2\/pages\/711\/revisions"}],"predecessor-version":[{"id":3682,"href":"http:\/\/www.tarnowschule.de\/blog\/wp-json\/wp\/v2\/pages\/711\/revisions\/3682"}],"wp:attachment":[{"href":"http:\/\/www.tarnowschule.de\/blog\/wp-json\/wp\/v2\/media?parent=711"}],"curies":[{"name":"wp","href":"https:\/\/api.w.org\/{rel}","templated":true}]}}