{"id":700,"date":"2012-07-28T22:53:12","date_gmt":"2012-07-28T20:53:12","guid":{"rendered":"http:\/\/www.tarnowschule.de\/blog\/?page_id=700"},"modified":"2025-09-23T14:16:56","modified_gmt":"2025-09-23T12:16:56","slug":"termine","status":"publish","type":"page","link":"http:\/\/www.tarnowschule.de\/blog\/termine\/","title":{"rendered":"Termine"},"content":{"rendered":"\n<figure class=\"wp-block-table is-style-stripes\"><table><tbody><tr><td><em>28.7.-5.9.2025<\/em><\/td><td><em>Sommerferien<\/em><\/td><td><\/td><td><\/td><\/tr><tr><td><\/td><td><strong>Schuljahr 2025\/2026<\/strong><\/td><td><\/td><td><\/td><\/tr><tr><td>6.9.2025<\/td><td>Einschulung<br>9:00 Uhr: 1a<br>9:45 Uhr 1b<br>10:30 Uhr: 1c<\/td><td>Einschulungskind plus 4 G\u00e4ste (Einschulungsprogramm); im Freien gibt es zur Verk\u00fcrzung der Wartezeit weiterer G\u00e4ste Kaffee und Wasser vom Schulverein<br><em>Hinweis: Auch Babys und Kleinkinder z\u00e4hlen als Gast. Grundlage f\u00fcr die Begrenzung sind geltende Brandschutzbestimmungen.<\/em><\/td><td><\/td><\/tr><tr><td>8.9.2025<\/td><td>1. Schultag des Schuljahres 2025\/ 2026<\/td><td><\/td><td><\/td><\/tr><tr><td>8.-19.9.2025<\/td><td>Kennenlern- und Begr\u00fc\u00dfungswochen<\/td><td><br>Unterrichtsschluss f\u00fcr alle um 11.20 Uhr<\/td><td><\/td><\/tr><tr><td>24.9.2025<\/td><td>Mathematik-Olympiade<\/td><td>1. Stufe (Schulrunde): ausgew\u00e4hlte Kinder aus Klasse 3 und 4 (je 7 pro Klasse)<\/td><td><\/td><\/tr><tr><td>22.-25.9.2025<\/td><td>Elternversammlungen (Wahl der Klassenelternr\u00e4te in Kl. 1 und 3 sowie Nachwahlen in Kl. 2 und 4)<\/td><td>18 Uhr<br>Montag, 22.9.: 3a, 3b, 3c, 4a<br>Dienstag, 23.9.: 4c<br>Mittwoch, 24.9.: 1b, 2a, 2b, 2c, 2d, 4b<br>Donnerstag, 25.9.: 1a, 1c, 3d, 4d<\/td><td><\/td><\/tr><tr><td>26.9.2025<\/td><td>Sponsorenlauf<\/td><td>Unterrichtsschluss 11:20 Uhr f\u00fcr alle <br>Informationen zum Ziel des Spendenlaufs bei den Elternversammlungen (aktualisierte Informationen)<\/td><td><\/td><\/tr><tr><td>15.10.2025<\/td><td>Schulelternrat und Schulkonferenz<\/td><td>17 Uhr Schulelternrat: Vorsitzende der Klassenelternr\u00e4te oder eine beauftragte andere Person (ein\/e Teilnehmer\/in pro Klasse): Wahl des Vorstandes des Schulelternrates<br>18.30 Uhr Schulkonferenz: gew\u00e4hltes Gremium plus Schultr\u00e4ger<br>Ort: Atrium<\/td><td><\/td><\/tr><tr><td>bis 17.10.2025<\/td><td>Hochbegabung (Klassenstufe 4)<\/td><td>Antragstellung zur \u00dcberpr\u00fcfung durch Erziehungsberechtigte (Antrag an das Staatliche Schulamt) &#8211; Informationen dazu  bei den Elternversammlungen der 4. Klassen (Gruppentestungen voraussichtlich im November)<\/td><td><\/td><\/tr><tr><td><em>20.-24.10.202<\/em>5<\/td><td><em>Herbstferien I<\/em><\/td><td><\/td><td><\/td><\/tr><tr><td>29.10.2025<\/td><td>Tag der offenen T\u00fcr<\/td><td>16 bis 18 Uhr<\/td><td><\/td><\/tr><tr><td><em>3.11.2025<\/em><\/td><td><em>Herbstferien II<\/em><\/td><td><\/td><td><\/td><\/tr><tr><td>13.11.2025<\/td><td>Mathematik-Olympiade<\/td><td>2. Stufe (Regionalrunde): Die erfolgreichsten Sch\u00fclerinnen und Sch\u00fcler der Schule werden zu einer zentralen Klausur in der Stadthalle eingeladen. Schulinterne Regelung: Kinder, die mindestens die H\u00e4lfte der Punktzahl bei der 1. Stufe erreicht haben.<\/td><td><\/td><\/tr><tr><td>20.11.2025<\/td><td>Theaterbesuch<\/td><td>au\u00dfer 4c, 4d (separater Termin), da sie bei der Feuerwehr sind<\/td><td><\/td><\/tr><tr><td>10.12.2025<\/td><td>Nikolaussportfest<\/td><td>mit SV Warnow 90 &#8211; regul\u00e4rer Unterrichtsschluss<\/td><td><\/td><\/tr><tr><td>17.-19.12.2025<\/td><td>Weihnachtsprojekttage mit Kinobesuch (17.12.2025)<\/td><td>Unterrichtsschluss 11.20 Uhr<\/td><td><\/td><\/tr><tr><td><em>22.12.2025-2.1.2026<\/em><\/td><td><em>Weihnachtsferien<\/em><\/td><td><em>ACHTUNG: Unterrichtsbeginn am Montag!<\/em><\/td><td><\/td><\/tr><tr><td>6.-8.1.2026<\/td><td>schulische Einschulungstests<\/td><td>Vorschulkinder (14 bis ca. 15.00 Uhr) &#8211; schriftliche Einladung durch die Schule<\/td><td><\/td><\/tr><tr><td>Januar\/ Februar<\/td><td>Faschingsfeiern<\/td><td>im RFZ <em>oder<\/em> in den Klassen<\/td><td><\/td><\/tr><tr><td>6.2.2026<\/td><td>Zeugnisausgabe<\/td><td>Unterrichtsschluss 10.25 Uhr<\/td><td><\/td><\/tr><tr><td><em>9.-20.2.2026<\/em><\/td><td><em>Winterferien<\/em><\/td><td><\/td><td><\/td><\/tr><tr><td>bis 28.2.2026<\/td><td><\/td><td>Wechselwunsch Reli\/ Philo um Schuljahr 2026\/ 2027 (schriftlich \u00fcber die Klassenleitung)<\/td><td><\/td><\/tr><tr><td>19.3.2026<\/td><td>K\u00e4nguru der Mathematik<\/td><td>Mathematikwettbewerb ab Klasse 3 (in Ausnahmef\u00e4llen auch begabte Kinder Klasse 2 m\u00f6glich)<\/td><td><\/td><\/tr><tr><td>21.3.2026<\/td><td>Hallensportfest der Rostocker Schulen<\/td><td>Stadthalle Rostock: Ausgew\u00e4hlte Sch\u00fclerinnen und Sch\u00fcler bilden zwei Mannschaften (Klassenstufe 1\/2 sowie Klassenstufe 3\/4)<\/td><td><\/td><\/tr><tr><td>25.3.2026<\/td><td>&#8222;Ball \u00fcber die Schnur&#8220;<\/td><td>Turnier Klassenstufen 2 und 3<\/td><td><\/td><\/tr><tr><td><em>27.3.2026<\/em><\/td><td><em>Lehrerfortbildungstag<\/em><\/td><td><em>kein Unterricht in der Schule (Hort \u00fcbernimmt keine Betreuung am Vormittag)<\/em><\/td><td><\/td><\/tr><tr><td><em>30.3.-8.4.2026<\/em><\/td><td><em>Osterferien<\/em><\/td><td><\/td><td><\/td><\/tr><tr><td>15.4.2026<\/td><td>Zweifelderball<\/td><td>Turnier der 4. Klassen<\/td><td><\/td><\/tr><tr><td>April 2026<\/td><td>Vorlesewettbewerb<\/td><td>Sieger*innen des klasseninternen Vorlesewettbewerbes<\/td><td><\/td><\/tr><tr><td>13.5.2026<\/td><td>Crosslauf<\/td><td><\/td><td><\/td><\/tr><tr><td><em>15.5.2026<\/em><\/td><td><em>Pfingstferien I<\/em><\/td><td><\/td><td><\/td><\/tr><tr><td>10.6.2026<\/td><td>Sportfest<\/td><td>auf dem schuleigenen Sportplatz, wenn die Bauarbeiten abgeschlossen sind<\/td><td><\/td><\/tr><tr><td><em>22.-26.5.2026<\/em><\/td><td><em>Pfingstferien II<\/em><\/td><td><\/td><td><\/td><\/tr><tr><td>1.7.2026<\/td><td>Elternversammlungen der neuen 1. Klassen<\/td><td>18 Uhr; Einladung erfolgt schriftlich durch die Schule<\/td><td><\/td><\/tr><tr><td>6.-8.7.2026<\/td><td><br>Projekttage<\/td><td>Thema &#8222;Eine Reise um die Welt&#8220;, Unterrichtsschluss 11.20 Uhr (Abweichungen\/ sp\u00e4terer Unterrichtsschluss wird individuell durch die Klassenleitungen mitgeteilt)<\/td><td><\/td><\/tr><tr><td>9.7.2026<\/td><td>Schulfest<\/td><td>Unterrichtsschluss 12 Uhr<\/td><td><\/td><\/tr><tr><td>10.7.2026<\/td><td>letzter Schultag<\/td><td>Unterrichtsschluss 10.25 Uhr<\/td><td><\/td><\/tr><tr><td><em>13.7.-21.8.2026<\/em><\/td><td><em>Sommerferien<\/em><\/td><td><\/td><td><\/td><\/tr><tr><td><\/td><td><strong>Schuljahr 2026\/ 2027<\/strong><\/td><td><\/td><td><\/td><\/tr><tr><td>22.8.2026<\/td><td>Einschulung<\/td><td>Einschulungskind plus 4 G\u00e4ste (Einschulungsprogramm); im Freien gibt es zur Verk\u00fcrzung der Wartezeit weiterer G\u00e4ste Kaffee und Wasser vom Schulverein<br><em>Hinweis: Auch Babys und Kleinkinder z\u00e4hlen als Gast. Grundlage f\u00fcr die Begrenzung sind geltende Brandschutzbestimmungen.<\/em><\/td><td><\/td><\/tr><tr><td>24.8.2026<\/td><td>1. Schultag des Schuljahres 2026\/ 2027<\/td><td><\/td><td><\/td><\/tr><tr><td>24.8.-4.9.2026<\/td><td>Kennenlern- und Begr\u00fc\u00dfungswochen<\/td><td>Unterrichtsschluss f\u00fcr alle um 11.20 Uhr<\/td><td><\/td><\/tr><\/tbody><\/table><figcaption class=\"wp-element-caption\"><strong><em>Aktuelle \u00c4nderungen beachten.<\/em><\/strong><\/figcaption><\/figure>\n","protected":false},"excerpt":{"rendered":"<p>28.7.-5.9.2025 Sommerferien Schuljahr 2025\/2026 6.9.2025 Einschulung9:00 Uhr: 1a9:45 Uhr 1b10:30 Uhr: 1c Einschulungskind plus 4 G\u00e4ste (Einschulungsprogramm); im Freien gibt es zur Verk\u00fcrzung der Wartezeit weiterer G\u00e4ste Kaffee und Wasser vom SchulvereinHinweis: Auch Babys und Kleinkinder z\u00e4hlen als Gast. Grundlage f\u00fcr die Begrenzung sind geltende Brandschutzbestimmungen. 8.9.2025 1. Schultag des Schuljahres 2025\/ 2026 8.-19.9.2025 Kennenlern- [&hellip;]<\/p>\n","protected":false},"author":13,"featured_media":0,"parent":0,"menu_order":0,"comment_status":"closed","ping_status":"closed","template":"","meta":{"site-sidebar-layout":"default","site-content-layout":"default","ast-site-content-layout":"default","site-content-style":"default","site-sidebar-style":"default","ast-global-header-display":"","ast-banner-title-visibility":"","ast-main-header-display":"","ast-hfb-above-header-display":"","ast-hfb-below-header-display":"","ast-hfb-mobile-header-display":"","site-post-title":"","ast-breadcrumbs-content":"","ast-featured-img":"","footer-sml-layout":"","ast-disable-related-posts":"","theme-transparent-header-meta":"default","adv-header-id-meta":"","stick-header-meta":"","header-above-stick-meta":"","header-main-stick-meta":"","header-below-stick-meta":"","astra-migrate-meta-layouts":"set","ast-page-background-enabled":"default","ast-page-background-meta":{"desktop":{"background-color":"","background-image":"","background-repeat":"repeat","background-position":"center center","background-size":"auto","background-attachment":"scroll","background-type":"","background-media":"","overlay-type":"","overlay-color":"","overlay-opacity":"","overlay-gradient":""},"tablet":{"background-color":"","background-image":"","background-repeat":"repeat","background-position":"center center","background-size":"auto","background-attachment":"scroll","background-type":"","background-media":"","overlay-type":"","overlay-color":"","overlay-opacity":"","overlay-gradient":""},"mobile":{"background-color":"","background-image":"","background-repeat":"repeat","background-position":"center center","background-size":"auto","background-attachment":"scroll","background-type":"","background-media":"","overlay-type":"","overlay-color":"","overlay-opacity":"","overlay-gradient":""}},"ast-content-background-meta":{"desktop":{"background-color":"var(--ast-global-color-5)","background-image":"","background-repeat":"repeat","background-position":"center center","background-size":"auto","background-attachment":"scroll","background-type":"","background-media":"","overlay-type":"","overlay-color":"","overlay-opacity":"","overlay-gradient":""},"tablet":{"background-color":"var(--ast-global-color-5)","background-image":"","background-repeat":"repeat","background-position":"center center","background-size":"auto","background-attachment":"scroll","background-type":"","background-media":"","overlay-type":"","overlay-color":"","overlay-opacity":"","overlay-gradient":""},"mobile":{"background-color":"var(--ast-global-color-5)","background-image":"","background-repeat":"repeat","background-position":"center center","background-size":"auto","background-attachment":"scroll","background-type":"","background-media":"","overlay-type":"","overlay-color":"","overlay-opacity":"","overlay-gradient":""}},"footnotes":""},"class_list":["post-700","page","type-page","status-publish","hentry"],"_links":{"self":[{"href":"http:\/\/www.tarnowschule.de\/blog\/wp-json\/wp\/v2\/pages\/700","targetHints":{"allow":["GET"]}}],"collection":[{"href":"http:\/\/www.tarnowschule.de\/blog\/wp-json\/wp\/v2\/pages"}],"about":[{"href":"http:\/\/www.tarnowschule.de\/blog\/wp-json\/wp\/v2\/types\/page"}],"author":[{"embeddable":true,"href":"http:\/\/www.tarnowschule.de\/blog\/wp-json\/wp\/v2\/users\/13"}],"replies":[{"embeddable":true,"href":"http:\/\/www.tarnowschule.de\/blog\/wp-json\/wp\/v2\/comments?post=700"}],"version-history":[{"count":260,"href":"http:\/\/www.tarnowschule.de\/blog\/wp-json\/wp\/v2\/pages\/700\/revisions"}],"predecessor-version":[{"id":5629,"href":"http:\/\/www.tarnowschule.de\/blog\/wp-json\/wp\/v2\/pages\/700\/revisions\/5629"}],"wp:attachment":[{"href":"http:\/\/www.tarnowschule.de\/blog\/wp-json\/wp\/v2\/media?parent=700"}],"curies":[{"name":"wp","href":"https:\/\/api.w.org\/{rel}","templated":true}]}}