{"id":688,"date":"2012-07-28T22:52:02","date_gmt":"2012-07-28T20:52:02","guid":{"rendered":"http:\/\/www.tarnowschule.de\/blog\/?page_id=688"},"modified":"2025-03-31T10:29:13","modified_gmt":"2025-03-31T08:29:13","slug":"schulprofil","status":"publish","type":"page","link":"http:\/\/www.tarnowschule.de\/blog\/schulprofil\/","title":{"rendered":"Schulinformation"},"content":{"rendered":"\n<figure class=\"wp-block-image size-full\"><img loading=\"lazy\" decoding=\"async\" width=\"1000\" height=\"453\" src=\"http:\/\/www.tarnowschule.de\/blog\/wp-content\/uploads\/2022\/12\/2022_1_HP_klein-1.jpg\" alt=\"\" class=\"wp-image-5270\" srcset=\"http:\/\/www.tarnowschule.de\/blog\/wp-content\/uploads\/2022\/12\/2022_1_HP_klein-1.jpg 1000w, http:\/\/www.tarnowschule.de\/blog\/wp-content\/uploads\/2022\/12\/2022_1_HP_klein-1-300x136.jpg 300w, http:\/\/www.tarnowschule.de\/blog\/wp-content\/uploads\/2022\/12\/2022_1_HP_klein-1-150x68.jpg 150w, http:\/\/www.tarnowschule.de\/blog\/wp-content\/uploads\/2022\/12\/2022_1_HP_klein-1-768x348.jpg 768w\" sizes=\"auto, (max-width: 1000px) 100vw, 1000px\" \/><\/figure>\n\n\n\n<figure class=\"wp-block-table is-style-stripes\"><table><tbody><tr><td>Adresse:<\/td><td>Grundschule &#8222;Rudolf Tarnow&#8220;, Ratzeburger Stra\u00dfe 9, 18109 Rostock<\/td><\/tr><tr><td>Schulleiterin:<\/td><td>Anja Schulz<\/td><\/tr><tr><td>Stellv. Schulleiterin:<\/td><td>Uta Scarpa (kommissarisch)<\/td><\/tr><tr><td>Schulsekret\u00e4rin:<\/td><td>Frau Holzberger<\/td><\/tr><tr><td>Verwaltungsfachkraft:<\/td><td>Frau M\u00e4del<\/td><\/tr><tr><td>Telefon:<\/td><td>0381 38141470<\/td><\/tr><tr><td>Fax:<\/td><td>0381 38141473<\/td><\/tr><tr><td>E-Mail:<\/td><td>GR-Tarnow@rostock.de<\/td><\/tr><\/tbody><\/table><\/figure>\n\n\n\n<h2 class=\"wp-block-heading\">Schulprogramm<\/h2>\n\n\n\n<div data-wp-interactive=\"core\/file\" class=\"wp-block-file\"><object data-wp-bind--hidden=\"!state.hasPdfPreview\" hidden class=\"wp-block-file__embed\" data=\"http:\/\/www.tarnowschule.de\/blog\/wp-content\/uploads\/2019\/08\/Schulprogramm_2019.pdf\" type=\"application\/pdf\" style=\"width:100%;height:600px\" aria-label=\"Einbettung von Schulprogramm_2019.\"><\/object><a id=\"wp-block-file--media-ec170b84-e620-43d4-b258-d8fe69e44a47\" href=\"http:\/\/www.tarnowschule.de\/blog\/wp-content\/uploads\/2019\/08\/Schulprogramm_2019.pdf\">Schulprogramm_2019<\/a><a href=\"http:\/\/www.tarnowschule.de\/blog\/wp-content\/uploads\/2019\/08\/Schulprogramm_2019.pdf\" class=\"wp-block-file__button wp-element-button\" download aria-describedby=\"wp-block-file--media-ec170b84-e620-43d4-b258-d8fe69e44a47\">Herunterladen<\/a><\/div>\n\n\n\n<h2 class=\"wp-block-heading\">Unterrichtszeiten<\/h2>\n\n\n\n<figure class=\"wp-block-table is-style-stripes\"><table><tbody><tr><td>Einlass<\/td><td>7:15 Uhr bis 7:25 Uhr<\/td><\/tr><tr><td>1. Stunde<\/td><td>7:30 Uhr bis 8:15 Uhr<\/td><\/tr><tr><td>2. Stunde<\/td><td>8:30 Uhr bis 9:15 Uhr<\/td><\/tr><tr><td>3. Stunde<\/td><td>9:40 Uhr bis 10:25 Uhr<\/td><\/tr><tr><td>4. Stunde<\/td><td>10:35 Uhr bis 11:20 Uhr<\/td><\/tr><tr><td>5. Stunde<\/td><td>11:40 Uhr bis 12:25 Uhr<\/td><\/tr><tr><td>6. Stunde<\/td><td>12:30 bis 13:15 Uhr<\/td><\/tr><\/tbody><\/table><\/figure>\n\n\n\n<h2 class=\"wp-block-heading\">Sprechzeiten des Schulsekretariats<\/h2>\n\n\n\n<figure class=\"wp-block-table is-style-stripes\"><table><tbody><tr><td>Ansprechpartnerin:<\/td><td>Frau Holzberger<\/td><td><\/td><\/tr><tr><td>Montag<\/td><td>6:30 Uhr bis 11:45 Uhr<\/td><td>12:30 Uhr bis 15:00 Uhr<\/td><\/tr><tr><td>Dienstag<\/td><td>6:30 Uhr bis 11:45 Uhr<\/td><td>12:30 Uhr bis 15:00 Uhr<\/td><\/tr><tr><td>Mittwoch<\/td><td>6:30 Uhr bis 11:45 Uhr<\/td><td>12:30 Uhr bis 15:00 Uhr<\/td><\/tr><tr><td>Donnerstag<\/td><td>6:30 Uhr bis 11:45 Uhr<\/td><td>12:30 Uhr bis 15:00 Uhr<\/td><\/tr><tr><td>Freitag<\/td><td>6:30 Uhr bis 14:00 Uhr<\/td><td><\/td><\/tr><\/tbody><\/table><\/figure>\n\n\n\n<p>Sollte unser Sekretariat nicht besetzt sein, nutzen Sie bitte unseren Anrufbeantworter oder den E-Mail-Kontakt. <\/p>\n\n\n\n<p><strong>Das ABC der Schule f\u00fcr Mecklenburg-Vorpommern<\/strong><\/p>\n\n\n\n<div data-wp-interactive=\"core\/file\" class=\"wp-block-file\"><object data-wp-bind--hidden=\"!state.hasPdfPreview\" hidden class=\"wp-block-file__embed\" data=\"http:\/\/www.tarnowschule.de\/blog\/wp-content\/uploads\/2023\/12\/Das-ABC-der-Schule_MV-2.pdf\" type=\"application\/pdf\" style=\"width:100%;height:600px\" aria-label=\"Einbettung von Das-ABC-der-Schule_MV-2.\"><\/object><a id=\"wp-block-file--media-4f5b1e45-f93e-4a12-9f63-3a1046431f37\" href=\"http:\/\/www.tarnowschule.de\/blog\/wp-content\/uploads\/2023\/12\/Das-ABC-der-Schule_MV-2.pdf\">Das-ABC-der-Schule_MV-2<\/a><a href=\"http:\/\/www.tarnowschule.de\/blog\/wp-content\/uploads\/2023\/12\/Das-ABC-der-Schule_MV-2.pdf\" class=\"wp-block-file__button wp-element-button\" download aria-describedby=\"wp-block-file--media-4f5b1e45-f93e-4a12-9f63-3a1046431f37\">Herunterladen<\/a><\/div>\n","protected":false},"excerpt":{"rendered":"<p>Adresse: Grundschule &#8222;Rudolf Tarnow&#8220;, Ratzeburger Stra\u00dfe 9, 18109 Rostock Schulleiterin: Anja Schulz Stellv. Schulleiterin: Uta Scarpa (kommissarisch) Schulsekret\u00e4rin: Frau Holzberger Verwaltungsfachkraft: Frau M\u00e4del Telefon: 0381 38141470 Fax: 0381 38141473 E-Mail: GR-Tarnow@rostock.de Schulprogramm Unterrichtszeiten Einlass 7:15 Uhr bis 7:25 Uhr 1. Stunde 7:30 Uhr bis 8:15 Uhr 2. Stunde 8:30 Uhr bis 9:15 Uhr 3. Stunde [&hellip;]<\/p>\n","protected":false},"author":1,"featured_media":0,"parent":0,"menu_order":0,"comment_status":"closed","ping_status":"open","template":"","meta":{"site-sidebar-layout":"default","site-content-layout":"default","ast-site-content-layout":"default","site-content-style":"default","site-sidebar-style":"default","ast-global-header-display":"","ast-banner-title-visibility":"","ast-main-header-display":"","ast-hfb-above-header-display":"","ast-hfb-below-header-display":"","ast-hfb-mobile-header-display":"","site-post-title":"","ast-breadcrumbs-content":"","ast-featured-img":"","footer-sml-layout":"","ast-disable-related-posts":"","theme-transparent-header-meta":"default","adv-header-id-meta":"","stick-header-meta":"","header-above-stick-meta":"","header-main-stick-meta":"","header-below-stick-meta":"","astra-migrate-meta-layouts":"set","ast-page-background-enabled":"default","ast-page-background-meta":{"desktop":{"background-color":"","background-image":"","background-repeat":"repeat","background-position":"center center","background-size":"auto","background-attachment":"scroll","background-type":"","background-media":"","overlay-type":"","overlay-color":"","overlay-opacity":"","overlay-gradient":""},"tablet":{"background-color":"","background-image":"","background-repeat":"repeat","background-position":"center center","background-size":"auto","background-attachment":"scroll","background-type":"","background-media":"","overlay-type":"","overlay-color":"","overlay-opacity":"","overlay-gradient":""},"mobile":{"background-color":"","background-image":"","background-repeat":"repeat","background-position":"center center","background-size":"auto","background-attachment":"scroll","background-type":"","background-media":"","overlay-type":"","overlay-color":"","overlay-opacity":"","overlay-gradient":""}},"ast-content-background-meta":{"desktop":{"background-color":"var(--ast-global-color-5)","background-image":"","background-repeat":"repeat","background-position":"center center","background-size":"auto","background-attachment":"scroll","background-type":"","background-media":"","overlay-type":"","overlay-color":"","overlay-opacity":"","overlay-gradient":""},"tablet":{"background-color":"var(--ast-global-color-5)","background-image":"","background-repeat":"repeat","background-position":"center center","background-size":"auto","background-attachment":"scroll","background-type":"","background-media":"","overlay-type":"","overlay-color":"","overlay-opacity":"","overlay-gradient":""},"mobile":{"background-color":"var(--ast-global-color-5)","background-image":"","background-repeat":"repeat","background-position":"center center","background-size":"auto","background-attachment":"scroll","background-type":"","background-media":"","overlay-type":"","overlay-color":"","overlay-opacity":"","overlay-gradient":""}},"footnotes":""},"class_list":["post-688","page","type-page","status-publish","hentry"],"_links":{"self":[{"href":"http:\/\/www.tarnowschule.de\/blog\/wp-json\/wp\/v2\/pages\/688","targetHints":{"allow":["GET"]}}],"collection":[{"href":"http:\/\/www.tarnowschule.de\/blog\/wp-json\/wp\/v2\/pages"}],"about":[{"href":"http:\/\/www.tarnowschule.de\/blog\/wp-json\/wp\/v2\/types\/page"}],"author":[{"embeddable":true,"href":"http:\/\/www.tarnowschule.de\/blog\/wp-json\/wp\/v2\/users\/1"}],"replies":[{"embeddable":true,"href":"http:\/\/www.tarnowschule.de\/blog\/wp-json\/wp\/v2\/comments?post=688"}],"version-history":[{"count":63,"href":"http:\/\/www.tarnowschule.de\/blog\/wp-json\/wp\/v2\/pages\/688\/revisions"}],"predecessor-version":[{"id":5573,"href":"http:\/\/www.tarnowschule.de\/blog\/wp-json\/wp\/v2\/pages\/688\/revisions\/5573"}],"wp:attachment":[{"href":"http:\/\/www.tarnowschule.de\/blog\/wp-json\/wp\/v2\/media?parent=688"}],"curies":[{"name":"wp","href":"https:\/\/api.w.org\/{rel}","templated":true}]}}